{"id":51,"date":"2020-02-09T00:33:58","date_gmt":"2020-02-08T23:33:58","guid":{"rendered":"http:\/\/vmd48343.contaboserver.net\/?page_id=51"},"modified":"2020-02-09T00:35:30","modified_gmt":"2020-02-08T23:35:30","slug":"impressum","status":"publish","type":"page","link":"https:\/\/www.duoweb.de\/index.php\/impressum\/","title":{"rendered":"Impressum"},"content":{"rendered":"\n<p>Adam Dytko<br>Brennerstr. 2<br>44269 Dortmund<\/p>\n\n\n\n<p>E-Mail: webmaster@duoweb.de<br>Internet: www.duoweb.de<\/p>\n\n\n\n<h2 class=\"wp-block-heading\">Haftungshinweis<\/h2>\n\n\n\n<h3 class=\"wp-block-heading\">Inhalt<\/h3>\n\n\n\n<p>Der Autor \u00fcbernimmt keinerlei Gew\u00e4hr f\u00fcr die Aktualit\u00e4t, Korrektheit, Vollst\u00e4ndigkeit oder Qualit\u00e4t der bereitgestellten Informationen.<\/p>\n\n\n\n<h3 class=\"wp-block-heading\">Links<\/h3>\n\n\n\n<p>Trotz sorgf\u00e4ltiger inhaltlicher Kontrolle \u00fcbernehmen wir keine Haftung f\u00fcr die Inhalte externer Links. F\u00fcr den Inhalt der verlinkten Seiten sind ausschlie\u00dflich deren Betreiber verantwortlich.<\/p>\n\n\n\n<h3 class=\"wp-block-heading\">Cookies<\/h3>\n\n\n\n<p>Die Seite verwendet Cookies, um die Funktionalit\u00e4t der Seite erm\u00f6glichen zu k\u00f6nnen.<\/p>\n","protected":false},"excerpt":{"rendered":"<p>Adam DytkoBrennerstr. 244269 Dortmund E-Mail: webmaster@duoweb.deInternet: www.duoweb.de Haftungshinweis Inhalt Der Autor \u00fcbernimmt keinerlei Gew\u00e4hr f\u00fcr die Aktualit\u00e4t, Korrektheit, Vollst\u00e4ndigkeit oder Qualit\u00e4t der bereitgestellten Informationen. Links Trotz sorgf\u00e4ltiger inhaltlicher Kontrolle \u00fcbernehmen wir keine Haftung f\u00fcr die Inhalte externer Links. F\u00fcr den Inhalt der verlinkten Seiten sind ausschlie\u00dflich deren Betreiber verantwortlich. Cookies Die Seite verwendet Cookies, um<\/p>\n<p class=\"more-link\"><a href=\"https:\/\/www.duoweb.de\/index.php\/impressum\/\" class=\"themebutton2\">Read More<\/a><\/p>\n","protected":false},"author":1,"featured_media":0,"parent":0,"menu_order":0,"comment_status":"closed","ping_status":"closed","template":"","meta":{"ngg_post_thumbnail":0,"footnotes":""},"class_list":["post-51","page","type-page","status-publish","hentry"],"_links":{"self":[{"href":"https:\/\/www.duoweb.de\/index.php\/wp-json\/wp\/v2\/pages\/51","targetHints":{"allow":["GET"]}}],"collection":[{"href":"https:\/\/www.duoweb.de\/index.php\/wp-json\/wp\/v2\/pages"}],"about":[{"href":"https:\/\/www.duoweb.de\/index.php\/wp-json\/wp\/v2\/types\/page"}],"author":[{"embeddable":true,"href":"https:\/\/www.duoweb.de\/index.php\/wp-json\/wp\/v2\/users\/1"}],"replies":[{"embeddable":true,"href":"https:\/\/www.duoweb.de\/index.php\/wp-json\/wp\/v2\/comments?post=51"}],"version-history":[{"count":2,"href":"https:\/\/www.duoweb.de\/index.php\/wp-json\/wp\/v2\/pages\/51\/revisions"}],"predecessor-version":[{"id":55,"href":"https:\/\/www.duoweb.de\/index.php\/wp-json\/wp\/v2\/pages\/51\/revisions\/55"}],"wp:attachment":[{"href":"https:\/\/www.duoweb.de\/index.php\/wp-json\/wp\/v2\/media?parent=51"}],"curies":[{"name":"wp","href":"https:\/\/api.w.org\/{rel}","templated":true}]}}